{"id":62,"date":"2023-08-21T19:04:48","date_gmt":"2023-08-21T17:04:48","guid":{"rendered":"https:\/\/moselleamont.fr\/?page_id=62"},"modified":"2025-06-11T23:20:09","modified_gmt":"2025-06-11T21:20:09","slug":"les-elus","status":"publish","type":"page","link":"https:\/\/moselleamont.fr\/index.php\/les-elus\/","title":{"rendered":"Le bureau"},"content":{"rendered":"\n<figure class=\"wp-block-table is-style-stripes has-small-font-size\"><table class=\"has-white-background-color has-background\"><tbody><tr><td>Pr\u00e9sident<\/td><td>Dominique Andr\u00e8s<\/td><\/tr><tr><td>Vice-pr\u00e9sident<br>charg\u00e9 de l&rsquo;administration<\/td><td>Thierry Rigollet<\/td><\/tr><tr><td>Vice-Pr\u00e9sidente<br>charg\u00e9e de la pr\u00e9vention des inondations<\/td><td>Martine G\u00e9hin<\/td><\/tr><tr><td>Vice-Pr\u00e9sident<br>charg\u00e9 de la gestion des milieux aquatiques<br>CCGHV, CCHV, CCBHV, CCPVM<\/td><td>Gr\u00e9gory Bonne<\/td><\/tr><tr><td>Vice-Pr\u00e9sident<br>charg\u00e9 de la gestion des milieux aquatiques<br>CAE, CASDDV, CCB2V<\/td><td>Jean-Louis Mentrel<\/td><\/tr><tr><td>Membres<\/td><td>Aur\u00e9lien Bansept<\/td><\/tr><tr><td><\/td><td>Michel Bertrand<\/td><\/tr><tr><td><\/td><td>Eric Garion<\/td><\/tr><tr><td><\/td><td>Erik Grandemange<\/td><\/tr><tr><td><\/td><td>Catherine Louis<\/td><\/tr><tr><td><\/td><td>Jean-Paul Miclo<\/td><\/tr><tr><td><\/td><td>J\u00e9r\u00f4me Poifoulot<\/td><\/tr><tr><td><\/td><td>Michel Remy<\/td><\/tr><tr><td><\/td><td>Jacques Valance<\/td><\/tr><\/tbody><\/table><\/figure>\n","protected":false},"excerpt":{"rendered":"<p>Pr\u00e9sident Dominique Andr\u00e8s Vice-pr\u00e9sidentcharg\u00e9 de l&rsquo;administration Thierry Rigollet Vice-Pr\u00e9sidentecharg\u00e9e de la pr\u00e9vention des inondations Martine G\u00e9hin Vice-Pr\u00e9sidentcharg\u00e9 de la gestion des milieux aquatiquesCCGHV, CCHV, CCBHV, CCPVM Gr\u00e9gory Bonne Vice-Pr\u00e9sidentcharg\u00e9 de la gestion des milieux aquatiquesCAE, CASDDV, CCB2V Jean-Louis Mentrel Membres <a class=\"more-link\" href=\"https:\/\/moselleamont.fr\/index.php\/les-elus\/\">Lire plus &#8230;<\/a><\/p>\n","protected":false},"author":1,"featured_media":0,"parent":0,"menu_order":0,"comment_status":"closed","ping_status":"closed","template":"","meta":{"footnotes":""},"class_list":["post-62","page","type-page","status-publish","hentry"],"_links":{"self":[{"href":"https:\/\/moselleamont.fr\/index.php\/wp-json\/wp\/v2\/pages\/62","targetHints":{"allow":["GET"]}}],"collection":[{"href":"https:\/\/moselleamont.fr\/index.php\/wp-json\/wp\/v2\/pages"}],"about":[{"href":"https:\/\/moselleamont.fr\/index.php\/wp-json\/wp\/v2\/types\/page"}],"author":[{"embeddable":true,"href":"https:\/\/moselleamont.fr\/index.php\/wp-json\/wp\/v2\/users\/1"}],"replies":[{"embeddable":true,"href":"https:\/\/moselleamont.fr\/index.php\/wp-json\/wp\/v2\/comments?post=62"}],"version-history":[{"count":6,"href":"https:\/\/moselleamont.fr\/index.php\/wp-json\/wp\/v2\/pages\/62\/revisions"}],"predecessor-version":[{"id":691,"href":"https:\/\/moselleamont.fr\/index.php\/wp-json\/wp\/v2\/pages\/62\/revisions\/691"}],"wp:attachment":[{"href":"https:\/\/moselleamont.fr\/index.php\/wp-json\/wp\/v2\/media?parent=62"}],"curies":[{"name":"wp","href":"https:\/\/api.w.org\/{rel}","templated":true}]}}