{"id":58,"date":"2023-08-21T19:02:24","date_gmt":"2023-08-21T17:02:24","guid":{"rendered":"https:\/\/moselleamont.fr\/?page_id=58"},"modified":"2025-08-05T08:49:21","modified_gmt":"2025-08-05T06:49:21","slug":"le-syndicat","status":"publish","type":"page","link":"https:\/\/moselleamont.fr\/index.php\/le-syndicat\/","title":{"rendered":"Le syndicat"},"content":{"rendered":"\n<figure class=\"wp-block-image size-full\"><img loading=\"lazy\" decoding=\"async\" width=\"400\" height=\"100\" src=\"https:\/\/moselleamont.fr\/wp-content\/uploads\/2023\/08\/Logo-400x100-1.png\" alt=\"\" class=\"wp-image-131\" srcset=\"https:\/\/moselleamont.fr\/wp-content\/uploads\/2023\/08\/Logo-400x100-1.png 400w, https:\/\/moselleamont.fr\/wp-content\/uploads\/2023\/08\/Logo-400x100-1-300x75.png 300w\" sizes=\"auto, (max-width: 400px) 100vw, 400px\" \/><\/figure>\n\n\n\n<p class=\"has-text-align-left\">3 rue de la Gare<br>88380 Arches<br><a href=\"mailto:syndicat-mixte@moselleamont.fr\">syndicat-mixte@moselleamont.fr<\/a><br>03 29 82 56 74<\/p>\n\n\n\n<p><\/p>\n\n\n\n<p>Cr\u00e9\u00e9 le 1er f\u00e9vrier 2022, le SMMA exerce la comp\u00e9tence \u00ab\u00a0Gestion des Milieux Aquatiques et Pr\u00e9vention des Inondations\u00a0\u00bb sur le bassin versant vosgien de la Moselle.<\/p>\n\n\n\n<p>La comp\u00e9tence GEMAPI lui a \u00e9t\u00e9 confi\u00e9e par les collectivit\u00e9s suivantes :<\/p>\n\n\n\n<ul class=\"wp-block-list\">\n<li>Communaut\u00e9 d&rsquo;Agglom\u00e9ration d&rsquo;\u00c9pinal<\/li>\n\n\n\n<li>Communaut\u00e9 d&rsquo;Agglom\u00e9ration de Saint-Di\u00e9-des-Vosges<\/li>\n\n\n\n<li>Communaut\u00e9 de Communes de Bruy\u00e8res Vallons des Vosges<\/li>\n\n\n\n<li>Communaut\u00e9 de Communes des Hautes-Vosges<\/li>\n\n\n\n<li>Communaut\u00e9 de Communes G\u00e9rardmer Hautes-Vosges<\/li>\n\n\n\n<li>Communaut\u00e9 de Communes de la Porte des Vosges M\u00e9ridionales<\/li>\n\n\n\n<li>Communaut\u00e9 de Communes des Ballons des Hautes-Vosges<\/li>\n<\/ul>\n","protected":false},"excerpt":{"rendered":"<p>3 rue de la Gare88380 Archessyndicat-mixte@moselleamont.fr03 29 82 56 74 Cr\u00e9\u00e9 le 1er f\u00e9vrier 2022, le SMMA exerce la comp\u00e9tence \u00ab\u00a0Gestion des Milieux Aquatiques et Pr\u00e9vention des Inondations\u00a0\u00bb sur le bassin versant vosgien de la Moselle. La comp\u00e9tence GEMAPI lui <a class=\"more-link\" href=\"https:\/\/moselleamont.fr\/index.php\/le-syndicat\/\">Lire plus &#8230;<\/a><\/p>\n","protected":false},"author":1,"featured_media":0,"parent":0,"menu_order":0,"comment_status":"closed","ping_status":"closed","template":"","meta":{"footnotes":""},"class_list":["post-58","page","type-page","status-publish","hentry"],"_links":{"self":[{"href":"https:\/\/moselleamont.fr\/index.php\/wp-json\/wp\/v2\/pages\/58","targetHints":{"allow":["GET"]}}],"collection":[{"href":"https:\/\/moselleamont.fr\/index.php\/wp-json\/wp\/v2\/pages"}],"about":[{"href":"https:\/\/moselleamont.fr\/index.php\/wp-json\/wp\/v2\/types\/page"}],"author":[{"embeddable":true,"href":"https:\/\/moselleamont.fr\/index.php\/wp-json\/wp\/v2\/users\/1"}],"replies":[{"embeddable":true,"href":"https:\/\/moselleamont.fr\/index.php\/wp-json\/wp\/v2\/comments?post=58"}],"version-history":[{"count":8,"href":"https:\/\/moselleamont.fr\/index.php\/wp-json\/wp\/v2\/pages\/58\/revisions"}],"predecessor-version":[{"id":825,"href":"https:\/\/moselleamont.fr\/index.php\/wp-json\/wp\/v2\/pages\/58\/revisions\/825"}],"wp:attachment":[{"href":"https:\/\/moselleamont.fr\/index.php\/wp-json\/wp\/v2\/media?parent=58"}],"curies":[{"name":"wp","href":"https:\/\/api.w.org\/{rel}","templated":true}]}}