{"id":532,"date":"2025-01-08T18:22:03","date_gmt":"2025-01-08T17:22:03","guid":{"rendered":"https:\/\/moselleamont.fr\/?page_id=532"},"modified":"2025-08-18T12:50:16","modified_gmt":"2025-08-18T10:50:16","slug":"reunions-comites-syndicaux","status":"publish","type":"page","link":"https:\/\/moselleamont.fr\/index.php\/reunions-comites-syndicaux\/","title":{"rendered":"PV Comit\u00e9s Syndicaux"},"content":{"rendered":"\n<p><\/p>\n\n\n\n<figure class=\"wp-block-image size-full is-style-default\"><img loading=\"lazy\" decoding=\"async\" width=\"600\" height=\"337\" src=\"https:\/\/moselleamont.fr\/wp-content\/uploads\/2025\/01\/web_2024-26-09-Comite-syndical-PXL_20240926_160925465.MP_.jpg\" alt=\"\" class=\"wp-image-564\" srcset=\"https:\/\/moselleamont.fr\/wp-content\/uploads\/2025\/01\/web_2024-26-09-Comite-syndical-PXL_20240926_160925465.MP_.jpg 600w, https:\/\/moselleamont.fr\/wp-content\/uploads\/2025\/01\/web_2024-26-09-Comite-syndical-PXL_20240926_160925465.MP_-300x169.jpg 300w, https:\/\/moselleamont.fr\/wp-content\/uploads\/2025\/01\/web_2024-26-09-Comite-syndical-PXL_20240926_160925465.MP_-400x225.jpg 400w\" sizes=\"auto, (max-width: 600px) 100vw, 600px\" \/><\/figure>\n\n\n\n<p class=\"has-text-align-center\"><a href=\"https:\/\/moselleamont.fr\/wp-content\/uploads\/2025\/08\/PV-Comite-Syndical-SMMA-2025-03-05.pdf\">5 mars 2025<\/a><\/p>\n\n\n\n<p class=\"has-text-align-center\"><a href=\"https:\/\/moselleamont.fr\/wp-content\/uploads\/2025\/03\/PV-Comite-Syndical-SMMA-2025-02-05.pdf\">5 f\u00e9vrier 2025<\/a><\/p>\n\n\n\n<p class=\"has-text-align-center\"><a href=\"https:\/\/moselleamont.fr\/wp-content\/uploads\/2025\/03\/PV-Comite-Syndical-SMMA-2024-12-20.pdf\">20 d\u00e9cembre 2024<\/a><\/p>\n\n\n\n<p class=\"has-text-align-center\"><a href=\"https:\/\/moselleamont.fr\/wp-content\/uploads\/2025\/03\/PV-Comite-Syndical-SMMA-2024-11-28.pdf\">28 novembre 2024<\/a><\/p>\n\n\n\n<p class=\"has-text-align-center\"><a href=\"https:\/\/moselleamont.fr\/wp-content\/uploads\/2025\/01\/PV-Comite-Syndical-SMMA-2024-09-26.pdf\" target=\"_blank\" rel=\"noreferrer noopener\">26 septembre 2024<\/a><\/p>\n\n\n\n<p class=\"has-text-align-center\"><a href=\"https:\/\/moselleamont.fr\/wp-content\/uploads\/2025\/01\/PV-Comite-Syndical-SMMA-2024-06-27.pdf\" target=\"_blank\" rel=\"noreferrer noopener\">27 juin 2024<\/a><\/p>\n\n\n\n<p class=\"has-text-align-center\"><a href=\"https:\/\/moselleamont.fr\/wp-content\/uploads\/2025\/01\/PV-Comite-Syndical-SMMA-2024-03-28.pdf\" target=\"_blank\" rel=\"noreferrer noopener\">28 mars 2024<\/a><\/p>\n\n\n\n<p class=\"has-text-align-center\"><a href=\"https:\/\/moselleamont.fr\/wp-content\/uploads\/2025\/01\/PV-Comite-Syndical-SMMA-2024-02-20.pdf\" target=\"_blank\" rel=\"noreferrer noopener\">20 f\u00e9vrier 2024<\/a><\/p>\n\n\n\n<p class=\"has-text-align-center\"><a href=\"https:\/\/moselleamont.fr\/wp-content\/uploads\/2025\/01\/PV-Comite-Syndical-SMMA-2023-11-30.pdf\" target=\"_blank\" rel=\"noreferrer noopener\">30 novembre 2023<\/a><\/p>\n\n\n\n<p class=\"has-text-align-center\"><a href=\"https:\/\/moselleamont.fr\/wp-content\/uploads\/2025\/01\/PV-Comite-Syndical-SMMA-2023-06-21.pdf\" target=\"_blank\" rel=\"noreferrer noopener\">21 juin 2023<\/a><\/p>\n\n\n\n<p class=\"has-text-align-center\"><a href=\"https:\/\/moselleamont.fr\/wp-content\/uploads\/2025\/01\/PV-Comite-Syndical-SMMA-2023-03-30.pdf\" target=\"_blank\" rel=\"noreferrer noopener\">30 mars 2023<\/a><\/p>\n\n\n\n<p class=\"has-text-align-center\"><a href=\"https:\/\/moselleamont.fr\/wp-content\/uploads\/2025\/01\/PV-Comite-Syndical-SMMA-2023-03-09.pdf\" target=\"_blank\" rel=\"noreferrer noopener\">9 mars 2023<\/a><\/p>\n\n\n\n<p class=\"has-text-align-center\"><a href=\"https:\/\/moselleamont.fr\/wp-content\/uploads\/2025\/01\/PV-Comite-Syndical-SMMA-2022-12-21.pdf\" target=\"_blank\" rel=\"noreferrer noopener\">21 d\u00e9cembre 2022<\/a><\/p>\n\n\n\n<p class=\"has-text-align-center\"><a href=\"https:\/\/moselleamont.fr\/wp-content\/uploads\/2025\/01\/PV-Comite-Syndical-SMMA-2022-09-21.pdf\" target=\"_blank\" rel=\"noreferrer noopener\">21 septembre 2022<\/a><\/p>\n\n\n\n<p class=\"has-text-align-center\"><a href=\"https:\/\/moselleamont.fr\/wp-content\/uploads\/2025\/01\/PV-Comite-Syndical-SMMA-2022-04-06.pdf\" target=\"_blank\" rel=\"noreferrer noopener\">6 avril 2022<\/a><\/p>\n\n\n\n<p class=\"has-text-align-center\"><a href=\"https:\/\/moselleamont.fr\/wp-content\/uploads\/2025\/01\/PV-Comite-Syndical-SMMA-2022-03-01.pdf\" target=\"_blank\" rel=\"noreferrer noopener\">1er mars 2022<\/a><\/p>\n\n\n\n<p class=\"has-text-align-center\"><a href=\"https:\/\/moselleamont.fr\/wp-content\/uploads\/2025\/01\/PV-Comite-Syndical-SMMA-2022-02-03.pdf\" target=\"_blank\" rel=\"noreferrer noopener\">3 f\u00e9vrier 2022<\/a><\/p>\n\n\n\n<p><\/p>\n\n\n\n<p><\/p>\n","protected":false},"excerpt":{"rendered":"<p>5 mars 2025 5 f\u00e9vrier 2025 20 d\u00e9cembre 2024 28 novembre 2024 26 septembre 2024 27 juin 2024 28 mars 2024 20 f\u00e9vrier 2024 30 novembre 2023 21 juin 2023 30 mars 2023 9 mars 2023 21 d\u00e9cembre 2022 21 <a class=\"more-link\" href=\"https:\/\/moselleamont.fr\/index.php\/reunions-comites-syndicaux\/\">Lire plus &#8230;<\/a><\/p>\n","protected":false},"author":2,"featured_media":564,"parent":0,"menu_order":0,"comment_status":"closed","ping_status":"closed","template":"","meta":{"footnotes":""},"class_list":["post-532","page","type-page","status-publish","has-post-thumbnail","hentry"],"_links":{"self":[{"href":"https:\/\/moselleamont.fr\/index.php\/wp-json\/wp\/v2\/pages\/532","targetHints":{"allow":["GET"]}}],"collection":[{"href":"https:\/\/moselleamont.fr\/index.php\/wp-json\/wp\/v2\/pages"}],"about":[{"href":"https:\/\/moselleamont.fr\/index.php\/wp-json\/wp\/v2\/types\/page"}],"author":[{"embeddable":true,"href":"https:\/\/moselleamont.fr\/index.php\/wp-json\/wp\/v2\/users\/2"}],"replies":[{"embeddable":true,"href":"https:\/\/moselleamont.fr\/index.php\/wp-json\/wp\/v2\/comments?post=532"}],"version-history":[{"count":23,"href":"https:\/\/moselleamont.fr\/index.php\/wp-json\/wp\/v2\/pages\/532\/revisions"}],"predecessor-version":[{"id":841,"href":"https:\/\/moselleamont.fr\/index.php\/wp-json\/wp\/v2\/pages\/532\/revisions\/841"}],"wp:featuredmedia":[{"embeddable":true,"href":"https:\/\/moselleamont.fr\/index.php\/wp-json\/wp\/v2\/media\/564"}],"wp:attachment":[{"href":"https:\/\/moselleamont.fr\/index.php\/wp-json\/wp\/v2\/media?parent=532"}],"curies":[{"name":"wp","href":"https:\/\/api.w.org\/{rel}","templated":true}]}}