{"id":485,"date":"2024-09-11T12:00:00","date_gmt":"2024-09-11T10:00:00","guid":{"rendered":"https:\/\/moselleamont.fr\/?page_id=485"},"modified":"2024-10-13T10:42:49","modified_gmt":"2024-10-13T08:42:49","slug":"la-competence-gemapi-sur-le-bassin-versant-vosgien-de-la-moselle","status":"publish","type":"page","link":"https:\/\/moselleamont.fr\/index.php\/la-competence-gemapi-sur-le-bassin-versant-vosgien-de-la-moselle\/","title":{"rendered":"La comp\u00e9tence GeMAPI sur le bassin versant vosgien de la Moselle"},"content":{"rendered":"\n<p>La loi de Modernisation de l\u2019Action Publique Territoriale et d\u2019Affirmation des M\u00e9tropoles<br>(MAPTAM) du 27 janvier 2014 a cr\u00e9\u00e9 une comp\u00e9tence relative \u00e0 la Gestion des Milieux<br>Aquatiques et la Pr\u00e9vention des Inondations, dite \u00ab GEMAPI \u00bb. La loi portant Nouvelle Organisation<br>Territoriale de la R\u00e9publique (NOTRe) du 7 ao\u00fbt 2015 a repouss\u00e9 sa mise en oeuvre au<br>1er janvier 2018.<\/p>\n\n\n\n<p>Les sept \u00e9tablissements publics de coop\u00e9ration intercommunale \u00e0 fiscalit\u00e9 propre pr\u00e9sents sur<br>les bassins versants de la Moselle vosgienne ont initi\u00e9 des discussions. Il s\u2019agissait de d\u00e9finir les<br>contours d\u2019une structure unique \u00e0 l\u2019\u00e9chelle de ce bassin versant permettant d\u2019assurer l\u2019exercice<br>de cette nouvelle comp\u00e9tence ainsi que l\u2019animation et la mise en oeuvre des d\u00e9marches de gestion<br>d\u2019une partie du grand cycle de l\u2019eau sur l\u2019ensemble du territoire.<br>A l\u2019issue d\u2019un important travail de concertation, ces sept EPCI ont conclu \u00e0 la pertinence de la<br>cr\u00e9ation d\u2019un syndicat mixte ferm\u00e9 qui se verrait transf\u00e9rer l\u2019exercice de la comp\u00e9tence GEMAPI<br>sur la partie de leurs territoires comprise dans le bassin de la Moselle amont.<br>Le Syndicat Mixte Moselle Amont (SMMA) a ainsi \u00e9t\u00e9 cr\u00e9\u00e9 le 1er f\u00e9vrier 2022. Il est GEMAPI<br>au sens de l\u2019article L. 211-7 I 1\u00b0, 2\u00b0, 5\u00b0 et 8\u00b0 du code de l\u2019environnement sur son p\u00e9rim\u00e8tre soit :<\/p>\n\n\n\n<p>L\u2019am\u00e9nagement des bassins versants,<\/p>\n\n\n\n<ul class=\"wp-block-list\">\n<li>L\u2019entretien et l\u2019am\u00e9nagement des cours d\u2019eau, canaux, lacs et plans d\u2019eau (le SMMA n\u2019a pas<br>inclus ces deux derniers types de milieux),<\/li>\n\n\n\n<li>La d\u00e9fense contre les inondations et contre la mer,<\/li>\n\n\n\n<li>La protection et la restauration des zones humides, \u00e9cosyst\u00e8mes aquatiques et formations<br>bois\u00e9es riveraines.<\/li>\n<\/ul>\n","protected":false},"excerpt":{"rendered":"<p>La loi de Modernisation de l\u2019Action Publique Territoriale et d\u2019Affirmation des M\u00e9tropoles(MAPTAM) du 27 janvier 2014 a cr\u00e9\u00e9 une comp\u00e9tence relative \u00e0 la Gestion des MilieuxAquatiques et la Pr\u00e9vention des Inondations, dite \u00ab GEMAPI \u00bb. La loi portant Nouvelle OrganisationTerritoriale <a class=\"more-link\" href=\"https:\/\/moselleamont.fr\/index.php\/la-competence-gemapi-sur-le-bassin-versant-vosgien-de-la-moselle\/\">Lire plus &#8230;<\/a><\/p>\n","protected":false},"author":3,"featured_media":491,"parent":0,"menu_order":0,"comment_status":"closed","ping_status":"closed","template":"","meta":{"footnotes":""},"class_list":["post-485","page","type-page","status-publish","has-post-thumbnail","hentry"],"_links":{"self":[{"href":"https:\/\/moselleamont.fr\/index.php\/wp-json\/wp\/v2\/pages\/485","targetHints":{"allow":["GET"]}}],"collection":[{"href":"https:\/\/moselleamont.fr\/index.php\/wp-json\/wp\/v2\/pages"}],"about":[{"href":"https:\/\/moselleamont.fr\/index.php\/wp-json\/wp\/v2\/types\/page"}],"author":[{"embeddable":true,"href":"https:\/\/moselleamont.fr\/index.php\/wp-json\/wp\/v2\/users\/3"}],"replies":[{"embeddable":true,"href":"https:\/\/moselleamont.fr\/index.php\/wp-json\/wp\/v2\/comments?post=485"}],"version-history":[{"count":2,"href":"https:\/\/moselleamont.fr\/index.php\/wp-json\/wp\/v2\/pages\/485\/revisions"}],"predecessor-version":[{"id":489,"href":"https:\/\/moselleamont.fr\/index.php\/wp-json\/wp\/v2\/pages\/485\/revisions\/489"}],"wp:featuredmedia":[{"embeddable":true,"href":"https:\/\/moselleamont.fr\/index.php\/wp-json\/wp\/v2\/media\/491"}],"wp:attachment":[{"href":"https:\/\/moselleamont.fr\/index.php\/wp-json\/wp\/v2\/media?parent=485"}],"curies":[{"name":"wp","href":"https:\/\/api.w.org\/{rel}","templated":true}]}}