{"id":400,"date":"2024-05-11T19:12:16","date_gmt":"2024-05-11T17:12:16","guid":{"rendered":"https:\/\/moselleamont.fr\/?page_id=400"},"modified":"2025-06-11T23:18:44","modified_gmt":"2025-06-11T21:18:44","slug":"le-comite-syndical","status":"publish","type":"page","link":"https:\/\/moselleamont.fr\/index.php\/le-comite-syndical\/","title":{"rendered":"Le comit\u00e9 syndical"},"content":{"rendered":"\n<p><\/p>\n\n\n\n<p class=\"has-normal-font-size\"><strong>Communaut\u00e9 d&rsquo;Agglom\u00e9ration d&rsquo;\u00c9pinal<\/strong><\/p>\n\n\n\n<p class=\"has-normal-font-size\">D\u00e9l\u00e9gu\u00e9s titulaires<\/p>\n\n\n\n<p class=\"has-small-font-size\">Dominique&nbsp; ANDRES, Bruno&nbsp; CHEVRIER, Jean-Michel&nbsp; COMBEAU, Gilles  DUBOIS, Eric&nbsp; GARION, Fran\u00e7ois&nbsp; GRANDVALLET, R\u00e9gis LEROY, Pascal&nbsp; LIENARD, Bernard&nbsp; MOREL, Jean&nbsp;RACINE, Ludovic&nbsp; VOITOT<\/p>\n\n\n\n<p class=\"has-normal-font-size\">D\u00e9l\u00e9gu\u00e9s suppl\u00e9ants<\/p>\n\n\n\n<p class=\"has-small-font-size\">Jacques&nbsp; AUBRY, Dominique&nbsp; AZIER, Yvan&nbsp; BOMBARDE, Bernard&nbsp; DOUTRES, Jacques&nbsp; HUREL, Anne-Sophie&nbsp; MONANGE, Mustafa&nbsp; OZCELIK, Dominique&nbsp;PAGELOT, Julien Perrin, St\u00e9phanie POIRIER, C\u00e9sar&nbsp; SIMONIN<\/p>\n\n\n\n<p><strong>Communaut\u00e9 d&rsquo;Agglom\u00e9ration de Saint-Di\u00e9-des-Vosges<\/strong><\/p>\n\n\n\n<p class=\"has-normal-font-size\">D\u00e9l\u00e9gu\u00e9s titulaires<\/p>\n\n\n\n<p class=\"has-small-font-size\">Aur\u00e9lien BANSEPT, Jacques VALANCE<\/p>\n\n\n\n<p class=\"has-normal-font-size\">D\u00e9l\u00e9gu\u00e9s suppl\u00e9ants<\/p>\n\n\n\n<p class=\"has-small-font-size\">Christian CAEL, Virginie LALEVEE<\/p>\n\n\n\n<p><strong>Communaut\u00e9 de Communes des Ballons des Hautes Vosges<\/strong><\/p>\n\n\n\n<p class=\"has-normal-font-size\">D\u00e9l\u00e9gu\u00e9s titulaires<\/p>\n\n\n\n<p class=\"has-small-font-size\">Jean-Marie CHIVOT, Michel REMY, Thierry RIGOLLET<\/p>\n\n\n\n<p class=\"has-normal-font-size\">D\u00e9l\u00e9gu\u00e9s suppl\u00e9ants<\/p>\n\n\n\n<p class=\"has-small-font-size\">Julien LAROYENNE, Anita LUTRINGER, Bernard VASSILIEFF<\/p>\n\n\n\n<p><strong>Communaut\u00e9 de Communes de Bruy\u00e8res Vallons des Vosges<\/strong><\/p>\n\n\n\n<p class=\"has-normal-font-size\">D\u00e9l\u00e9gu\u00e9s titulaires<\/p>\n\n\n\n<p class=\"has-small-font-size\">Virginie\u00a0 GREMILLET, Jean louis MENTREL, J\u00e9r\u00f4me Poifoulot<\/p>\n\n\n\n<p class=\"has-normal-font-size\">D\u00e9l\u00e9gu\u00e9s suppl\u00e9ants<\/p>\n\n\n\n<p class=\"has-small-font-size\">Christian BISTON, Olivier BOON, Philippe PARADIS<\/p>\n\n\n\n<p><strong>Communaut\u00e9 des Communes G\u00e9rardmer Hautes-Vosges<\/strong><\/p>\n\n\n\n<p class=\"has-normal-font-size\">D\u00e9l\u00e9gu\u00e9s titulaires<\/p>\n\n\n\n<p class=\"has-small-font-size\">Michel BERTRAND, Gr\u00e9gory BONNE, Damien DESCOUPS<\/p>\n\n\n\n<p class=\"has-normal-font-size\">D\u00e9l\u00e9gu\u00e9s suppl\u00e9ants<\/p>\n\n\n\n<p class=\"has-small-font-size\">Bernard&nbsp; GARDEZ, Stessy SPEISSMANN, Fr\u00e9d\u00e9ric THOMAS<\/p>\n\n\n\n<p><strong>Communaut\u00e9 de Communes des Hautes-Vosges<\/strong><\/p>\n\n\n\n<p class=\"has-normal-font-size\">D\u00e9l\u00e9gu\u00e9s titulaires<\/p>\n\n\n\n<p class=\"has-small-font-size\">Martine GEHIN, Erik GRANDEMANGE, J\u00e9r\u00f4me MATHIEU, Roger NICAISE<\/p>\n\n\n\n<p class=\"has-normal-font-size\">D\u00e9l\u00e9gu\u00e9s suppl\u00e9ants<\/p>\n\n\n\n<p class=\"has-small-font-size\">Denise CHEVRIER, G\u00e9rard CLEMENT, Liliane MENGIN, R\u00e9gis VAXELAIRE<\/p>\n\n\n\n<p><strong>Communaut\u00e9 de Communes de la Porte des Vosges M\u00e9ridionales<\/strong><\/p>\n\n\n\n<p class=\"has-normal-font-size\">D\u00e9l\u00e9gu\u00e9s titulaires<\/p>\n\n\n\n<p class=\"has-small-font-size\">Jean-Pierre CALMELS, Catherine LOUIS, Jean-Paul MICLO<\/p>\n\n\n\n<p class=\"has-normal-font-size\">D\u00e9l\u00e9gu\u00e9s suppl\u00e9ants<\/p>\n\n\n\n<p class=\"has-small-font-size\">Michel DEMANGE, Fr\u00e9d\u00e9ric SIMON, Thomas VINCENT<\/p>\n","protected":false},"excerpt":{"rendered":"<p>Communaut\u00e9 d&rsquo;Agglom\u00e9ration d&rsquo;\u00c9pinal D\u00e9l\u00e9gu\u00e9s titulaires Dominique&nbsp; ANDRES, Bruno&nbsp; CHEVRIER, Jean-Michel&nbsp; COMBEAU, Gilles DUBOIS, Eric&nbsp; GARION, Fran\u00e7ois&nbsp; GRANDVALLET, R\u00e9gis LEROY, Pascal&nbsp; LIENARD, Bernard&nbsp; MOREL, Jean&nbsp;RACINE, Ludovic&nbsp; VOITOT D\u00e9l\u00e9gu\u00e9s suppl\u00e9ants Jacques&nbsp; AUBRY, Dominique&nbsp; AZIER, Yvan&nbsp; BOMBARDE, Bernard&nbsp; DOUTRES, Jacques&nbsp; HUREL, Anne-Sophie&nbsp; MONANGE, <a class=\"more-link\" href=\"https:\/\/moselleamont.fr\/index.php\/le-comite-syndical\/\">Lire plus &#8230;<\/a><\/p>\n","protected":false},"author":1,"featured_media":0,"parent":0,"menu_order":0,"comment_status":"closed","ping_status":"closed","template":"","meta":{"footnotes":""},"class_list":["post-400","page","type-page","status-publish","hentry"],"_links":{"self":[{"href":"https:\/\/moselleamont.fr\/index.php\/wp-json\/wp\/v2\/pages\/400","targetHints":{"allow":["GET"]}}],"collection":[{"href":"https:\/\/moselleamont.fr\/index.php\/wp-json\/wp\/v2\/pages"}],"about":[{"href":"https:\/\/moselleamont.fr\/index.php\/wp-json\/wp\/v2\/types\/page"}],"author":[{"embeddable":true,"href":"https:\/\/moselleamont.fr\/index.php\/wp-json\/wp\/v2\/users\/1"}],"replies":[{"embeddable":true,"href":"https:\/\/moselleamont.fr\/index.php\/wp-json\/wp\/v2\/comments?post=400"}],"version-history":[{"count":6,"href":"https:\/\/moselleamont.fr\/index.php\/wp-json\/wp\/v2\/pages\/400\/revisions"}],"predecessor-version":[{"id":689,"href":"https:\/\/moselleamont.fr\/index.php\/wp-json\/wp\/v2\/pages\/400\/revisions\/689"}],"wp:attachment":[{"href":"https:\/\/moselleamont.fr\/index.php\/wp-json\/wp\/v2\/media?parent=400"}],"curies":[{"name":"wp","href":"https:\/\/api.w.org\/{rel}","templated":true}]}}